{"id":58015,"date":"2026-04-17T18:53:27","date_gmt":"2026-04-17T16:53:27","guid":{"rendered":"https:\/\/test3.ohmnet.org\/?page_id=58015"},"modified":"2026-04-20T17:17:31","modified_gmt":"2026-04-20T15:17:31","slug":"video-2","status":"publish","type":"page","link":"https:\/\/test3.ohmnet.org\/index.php\/video-2\/","title":{"rendered":"Video 2"},"content":{"rendered":"<div class=\"wpb-content-wrapper\"><p>[vc_row bg_type=&#8221;image&#8221; parallax_style=&#8221;vcpb-default&#8221; bg_image_new=&#8221;id^57497|url^http:\/\/test3.ohmnet.org\/wp-content\/uploads\/2026\/04\/Calcenatura010.jpg|caption^null|alt^null|title^Calcenatura010|description^null&#8221; bg_image_repeat=&#8221;no-repeat&#8221; bg_img_attach=&#8221;fixed&#8221; bg_override=&#8221;full&#8221; enable_overlay=&#8221;enable_overlay_value&#8221; overlay_color=&#8221;rgba(0,0,0,0.5)&#8221; overlay_pattern=&#8221;transperant&#8221; overlay_pattern_opacity=&#8221;25&#8243; margin_top=&#8221;-50&#8243; type=&#8221;vc_default&#8221; css=&#8221;.vc_custom_1776076593417{padding-top: 12% !important;padding-bottom: 12% !important;background-color: #F3EDE4 !important;}&#8221;][vc_column offset=&#8221;vc_col-lg-12 vc_col-md-12&#8243; css=&#8221;.vc_custom_1476030031960{padding-bottom: 10px !important;}&#8221;]<div id=\"ultimate-heading-99256a04e5145aaa6\" class=\"uvc-heading ult-adjust-bottom-margin ultimate-heading-99256a04e5145aaa6 uvc-4888 accent-title-color\" data-hspacer=\"no_spacer\"  data-halign=\"center\" style=\"text-align:center\"><div class=\"uvc-heading-spacer no_spacer\" style=\"top\"><\/div><div class=\"uvc-main-heading ult-responsive\"  data-ultimate-target='.uvc-heading.ultimate-heading-99256a04e5145aaa6 h2'  data-responsive-json-new='{\"font-size\":\"desktop:34px;tablet_portrait:24px;mobile_landscape:20px;\",\"line-height\":\"desktop:44px;tablet_portrait:34px;mobile_landscape:30px;\"}' ><h2 style=\"font-weight:bold;color:#ffffff;\">CALCENATURA<\/h2><\/div><div class=\"uvc-sub-heading ult-responsive\"  data-ultimate-target='.uvc-heading.ultimate-heading-99256a04e5145aaa6 .uvc-sub-heading '  data-responsive-json-new='{\"font-size\":\"desktop:70px;tablet_portrait:34px;mobile_landscape:30px;\",\"line-height\":\"desktop:80px;tablet_portrait:44px;mobile_landscape:40px;\"}'  style=\"font-weight:bold;color:#ffffff;margin-top:10px;margin-bottom:20px;\">VIDEO E APPLICAZIONI<\/p>\n<p><\/div><\/div>[\/vc_column][\/vc_row][vc_row equal_height=&#8221;yes&#8221; margin_bottom=&#8221;10&#8243; type=&#8221;vc_default&#8221; css=&#8221;.vc_custom_1776697913284{padding-top: 50px !important;padding-bottom: 60px !important;}&#8221;][vc_column]<div id=\"ultimate-heading-98076a04e5145ab76\" class=\"uvc-heading ult-adjust-bottom-margin ultimate-heading-98076a04e5145ab76 uvc-5509 accent-border-color accent-title-color\" data-hspacer=\"line_only\"  data-halign=\"center\" style=\"text-align:center\"><div class=\"uvc-main-heading ult-responsive\"  data-ultimate-target='.uvc-heading.ultimate-heading-98076a04e5145ab76 h2'  data-responsive-json-new='{\"font-size\":\"desktop:15px;\",\"line-height\":\"desktop:24px;\"}' ><h2 style=\"font-weight:bold;margin-bottom:5px;\">TECNICA, MATERIA, METODO ED ESPERIENZA<\/h2><\/div><div class=\"uvc-heading-spacer line_only\" style=\"margin-bottom:15px;height:2px;\"><span class=\"uvc-headings-line\" style=\"border-style:solid;border-bottom-width:2px;border-color:#00000000;width:70px;\"><\/span><\/div><\/div><div id=\"ultimate-heading-26216a04e5145abea\" class=\"uvc-heading ult-adjust-bottom-margin ultimate-heading-26216a04e5145abea uvc-9859  uvc-heading-default-font-sizes\" data-hspacer=\"no_spacer\"  data-halign=\"center\" style=\"text-align:center\"><div class=\"uvc-heading-spacer no_spacer\" style=\"top\"><\/div><div class=\"uvc-main-heading ult-responsive\"  data-ultimate-target='.uvc-heading.ultimate-heading-26216a04e5145abea h2'  data-responsive-json-new='{\"font-size\":\"\",\"line-height\":\"\"}' ><h2 style=\"--font-weight:theme;margin-bottom:35px;\">I nostri video sulla calce naturale<\/h2><\/div><\/div>[vc_column_text css=&#8221;&#8221;]<\/p>\n<p style=\"text-align: center;\">Una raccolta di<strong> contenuti dedicati all\u2019applicazione<\/strong> delle finiture a base di calce, <strong>ai cicli di lavorazione<\/strong> e<strong> ai momenti di formazione<\/strong> sul campo. I <strong>video raccontano il processo<\/strong> nella sua continuit\u00e0, mostrando con maggiore chiarezza il rapporto tra materia, tecnica e superficie: <strong>dalla preparazione<\/strong> del supporto<strong> alla stratificazione<\/strong> fresco su fresco,<strong> fino alla finitura finale<\/strong> e alla lettura del risultato ottenuto.<\/p>\n<p style=\"text-align: center;\">Questo spazio nasce come <strong>approfondimento per professionisti<\/strong>, <strong>artigiani<\/strong> e <strong>appassionati<\/strong> che desiderano osservare pi\u00f9 da vicino gesti, passaggi applicativi e logiche di lavorazione, entrando nel cuore di una pratica che richiede attenzione, metodo ed esperienza diretta. Non solo dimostrazioni, ma<strong> contenuti utili per comprendere meglio la materia, i tempi di applicazione e il valore tecnico di ogni fase del lavoro<\/strong>.<\/p>\n<p>[\/vc_column_text][\/vc_column][\/vc_row][vc_row bg_type=&#8221;bg_color&#8221; bg_override=&#8221;ex-full&#8221; margin_top=&#8221;-5&#8243; margin_bottom=&#8221;10&#8243; css=&#8221;.vc_custom_1776698188585{padding-top: 40px !important;padding-bottom: 80px !important;}&#8221; bg_color_value=&#8221;#EBE5DD&#8221;][vc_column animation=&#8221;fadeIn&#8221;]<div id=\"ultimate-heading-82976a04e5145ac59\" class=\"uvc-heading ult-adjust-bottom-margin ultimate-heading-82976a04e5145ac59 uvc-4025  uvc-heading-default-font-sizes\" data-hspacer=\"no_spacer\"  data-halign=\"center\" style=\"text-align:center\"><div class=\"uvc-heading-spacer no_spacer\" style=\"top\"><\/div><div class=\"uvc-main-heading ult-responsive\"  data-ultimate-target='.uvc-heading.ultimate-heading-82976a04e5145ac59 h2'  data-responsive-json-new='{\"font-size\":\"\",\"line-height\":\"\"}' ><h2 style=\"--font-weight:theme;margin-bottom:30px;\">Esplora i contenuti<\/h2><\/div><\/div>[vc_tabs interval=&#8221;0&#8243; title_size=&#8221;h5&#8243;][vc_tab title=&#8221;Applicazioni pratiche&#8221; tab_id=&#8221;1407943498-1-42c0be-9433&#8243;][vc_column_text css=&#8221;.vc_custom_1776698218328{padding-top: 25px !important;padding-bottom: 30px !important;}&#8221;]<\/p>\n<p style=\"text-align: center;\">Una selezione di contenuti dedicati alle fasi operative e ai passaggi concreti di lavorazione. I video mostrano l\u2019applicazione dei materiali su superfici reali, con attenzione ai gesti tecnici, alla preparazione del supporto e alla corretta esecuzione di ogni fase.<\/p>\n<p>[\/vc_column_text][vc_row_inner][vc_column_inner width=&#8221;1\/2&#8243; css=&#8221;.vc_custom_1776697438037{margin-right: 10px !important;padding-top: 20px !important;padding-right: 20px !important;padding-bottom: 20px !important;padding-left: 20px !important;background-color: #FFFFFFA6 !important;border-color: #F3EDE400 !important;}&#8221;][vc_video link=&#8221;https:\/\/www.youtube.com\/watch?v=4dqInWn90Rk&#8221; el_aspect=&#8221;235&#8243; align=&#8221;center&#8221; css=&#8221;&#8221;]<div id=\"ultimate-heading-91656a04e5145acc7\" class=\"uvc-heading ult-adjust-bottom-margin ultimate-heading-91656a04e5145acc7 uvc-1796  uvc-heading-default-font-sizes\" data-hspacer=\"no_spacer\"  data-halign=\"center\" style=\"text-align:center\"><div class=\"uvc-heading-spacer no_spacer\" style=\"top\"><\/div><div class=\"uvc-main-heading ult-responsive\"  data-ultimate-target='.uvc-heading.ultimate-heading-91656a04e5145acc7 h4'  data-responsive-json-new='{\"font-size\":\"\",\"line-height\":\"\"}' ><h4 style=\"--font-weight:theme;margin-top:15px;margin-bottom:5px;\">Patinatura a calce<\/h4><\/div><\/div>[vc_column_text css=&#8221;&#8221;]<\/p>\n<p style=\"text-align: center;\">Una fase delicata della finitura su superficie fresca, utile per dare continuit\u00e0, profondit\u00e0 e uniformit\u00e0 materica.<\/p>\n<p>[\/vc_column_text][\/vc_column_inner][vc_column_inner width=&#8221;1\/2&#8243; css=&#8221;.vc_custom_1776697466940{margin-left: 10px !important;padding-top: 20px !important;padding-right: 20px !important;padding-bottom: 20px !important;padding-left: 20px !important;background-color: #FFFFFFA6 !important;}&#8221;][vc_video link=&#8221;https:\/\/www.youtube.com\/watch?v=rHs4TsT29VM&#8221; el_aspect=&#8221;235&#8243; align=&#8221;center&#8221; css=&#8221;&#8221;]<div id=\"ultimate-heading-4346a04e5145ad32\" class=\"uvc-heading ult-adjust-bottom-margin ultimate-heading-4346a04e5145ad32 uvc-328  uvc-heading-default-font-sizes\" data-hspacer=\"no_spacer\"  data-halign=\"center\" style=\"text-align:center\"><div class=\"uvc-heading-spacer no_spacer\" style=\"top\"><\/div><div class=\"uvc-main-heading ult-responsive\"  data-ultimate-target='.uvc-heading.ultimate-heading-4346a04e5145ad32 h4'  data-responsive-json-new='{\"font-size\":\"\",\"line-height\":\"\"}' ><h4 style=\"--font-weight:theme;margin-top:15px;margin-bottom:5px;\">Il circolo della calce<\/h4><\/div><\/div>[vc_column_text css=&#8221;&#8221;]<\/p>\n<p style=\"text-align: center;\">Un approfondimento sul processo naturale della calce, dalla trasformazione del materiale fino alla sua stabilit\u00e0 nel tempo.<\/p>\n<p>[\/vc_column_text][\/vc_column_inner][\/vc_row_inner][vc_row_inner css=&#8221;.vc_custom_1776445788325{padding-top: 40px !important;}&#8221;][vc_column_inner width=&#8221;1\/2&#8243; css=&#8221;.vc_custom_1776697601299{margin-right: 10px !important;padding-top: 20px !important;padding-right: 20px !important;padding-bottom: 20px !important;padding-left: 20px !important;background-color: #FFFFFFA6 !important;}&#8221;][vc_video link=&#8221;https:\/\/www.youtube.com\/watch?v=rHs4TsT29VM&#8221; el_aspect=&#8221;235&#8243; align=&#8221;center&#8221; css=&#8221;&#8221;]<div id=\"ultimate-heading-89006a04e5145ad99\" class=\"uvc-heading ult-adjust-bottom-margin ultimate-heading-89006a04e5145ad99 uvc-3027  uvc-heading-default-font-sizes\" data-hspacer=\"no_spacer\"  data-halign=\"center\" style=\"text-align:center\"><div class=\"uvc-heading-spacer no_spacer\" style=\"top\"><\/div><div class=\"uvc-main-heading ult-responsive\"  data-ultimate-target='.uvc-heading.ultimate-heading-89006a04e5145ad99 h4'  data-responsive-json-new='{\"font-size\":\"\",\"line-height\":\"\"}' ><h4 style=\"--font-weight:theme;margin-top:15px;margin-bottom:5px;\">Il circolo della calce<\/h4><\/div><\/div>[vc_column_text css=&#8221;&#8221;]<\/p>\n<p style=\"text-align: center;\">Un approfondimento sul processo naturale della calce, dalla trasformazione del materiale fino alla sua stabilit\u00e0 nel tempo.<\/p>\n<p>[\/vc_column_text][\/vc_column_inner][vc_column_inner width=&#8221;1\/2&#8243; css=&#8221;.vc_custom_1776697620878{margin-left: 10px !important;padding-top: 20px !important;padding-right: 20px !important;padding-bottom: 20px !important;padding-left: 20px !important;background-color: #FFFFFFA6 !important;}&#8221;][vc_video link=&#8221;https:\/\/www.youtube.com\/watch?v=4dqInWn90Rk&#8221; el_aspect=&#8221;235&#8243; align=&#8221;center&#8221; css=&#8221;&#8221;]<div id=\"ultimate-heading-71716a04e5145adff\" class=\"uvc-heading ult-adjust-bottom-margin ultimate-heading-71716a04e5145adff uvc-5418  uvc-heading-default-font-sizes\" data-hspacer=\"no_spacer\"  data-halign=\"center\" style=\"text-align:center\"><div class=\"uvc-heading-spacer no_spacer\" style=\"top\"><\/div><div class=\"uvc-main-heading ult-responsive\"  data-ultimate-target='.uvc-heading.ultimate-heading-71716a04e5145adff h4'  data-responsive-json-new='{\"font-size\":\"\",\"line-height\":\"\"}' ><h4 style=\"--font-weight:theme;margin-top:15px;margin-bottom:5px;\">Patinatura a calce<\/h4><\/div><\/div>[vc_column_text css=&#8221;&#8221;]<\/p>\n<p style=\"text-align: center;\">Una fase delicata della finitura su superficie fresca, utile per dare continuit\u00e0, profondit\u00e0 e uniformit\u00e0 materica.<\/p>\n<p>[\/vc_column_text][\/vc_column_inner][\/vc_row_inner][\/vc_tab][vc_tab title=&#8221;Finiture e protezioni&#8221; tab_id=&#8221;1407943649252-3-1c0be-9433&#8243;][vc_column_text css=&#8221;.vc_custom_1776698225180{padding-top: 25px !important;padding-bottom: 30px !important;}&#8221;]<\/p>\n<p style=\"text-align: center;\">Video dedicati alle finiture decorative e ai trattamenti di protezione che completano il ciclo applicativo. Uno spazio utile per osservare pi\u00f9 da vicino resa estetica, comportamento del materiale e modalit\u00e0 di utilizzo dei prodotti nelle fasi finali del lavoro.<\/p>\n<p>[\/vc_column_text][vc_row_inner][vc_column_inner width=&#8221;1\/2&#8243; css=&#8221;.vc_custom_1776697654365{margin-right: 10px !important;padding-top: 20px !important;padding-right: 20px !important;padding-bottom: 20px !important;padding-left: 20px !important;background-color: #FFFFFFA6 !important;border-radius: 3px !important;border-color: #F3EDE4 !important;}&#8221;][vc_video link=&#8221;https:\/\/www.youtube.com\/watch?v=4dqInWn90Rk&#8221; el_aspect=&#8221;235&#8243; align=&#8221;center&#8221; css=&#8221;&#8221;]<div id=\"ultimate-heading-20816a04e5145ae65\" class=\"uvc-heading ult-adjust-bottom-margin ultimate-heading-20816a04e5145ae65 uvc-2421  uvc-heading-default-font-sizes\" data-hspacer=\"no_spacer\"  data-halign=\"center\" style=\"text-align:center\"><div class=\"uvc-heading-spacer no_spacer\" style=\"top\"><\/div><div class=\"uvc-main-heading ult-responsive\"  data-ultimate-target='.uvc-heading.ultimate-heading-20816a04e5145ae65 h4'  data-responsive-json-new='{\"font-size\":\"\",\"line-height\":\"\"}' ><h4 style=\"--font-weight:theme;margin-top:15px;margin-bottom:5px;\">Patinatura a calce<\/h4><\/div><\/div>[vc_column_text css=&#8221;&#8221;]<\/p>\n<p style=\"text-align: center;\">Una fase delicata della finitura su superficie fresca, utile per dare continuit\u00e0, profondit\u00e0 e uniformit\u00e0 materica.<\/p>\n<p>[\/vc_column_text][\/vc_column_inner][vc_column_inner width=&#8221;1\/2&#8243; css=&#8221;.vc_custom_1776697676790{margin-left: 10px !important;padding-top: 20px !important;padding-right: 20px !important;padding-bottom: 20px !important;padding-left: 20px !important;background-color: #FFFFFFA6 !important;}&#8221;][vc_video link=&#8221;https:\/\/www.youtube.com\/watch?v=rHs4TsT29VM&#8221; el_aspect=&#8221;235&#8243; align=&#8221;center&#8221; css=&#8221;&#8221;]<div id=\"ultimate-heading-30616a04e5145aee9\" class=\"uvc-heading ult-adjust-bottom-margin ultimate-heading-30616a04e5145aee9 uvc-4107  uvc-heading-default-font-sizes\" data-hspacer=\"no_spacer\"  data-halign=\"center\" style=\"text-align:center\"><div class=\"uvc-heading-spacer no_spacer\" style=\"top\"><\/div><div class=\"uvc-main-heading ult-responsive\"  data-ultimate-target='.uvc-heading.ultimate-heading-30616a04e5145aee9 h4'  data-responsive-json-new='{\"font-size\":\"\",\"line-height\":\"\"}' ><h4 style=\"--font-weight:theme;margin-top:15px;margin-bottom:5px;\">Il circolo della calce<\/h4><\/div><\/div>[vc_column_text css=&#8221;&#8221;]<\/p>\n<p style=\"text-align: center;\">Un approfondimento sul processo naturale della calce, dalla trasformazione del materiale fino alla sua stabilit\u00e0 nel tempo.<\/p>\n<p>[\/vc_column_text][\/vc_column_inner][\/vc_row_inner][vc_row_inner css=&#8221;.vc_custom_1776445788325{padding-top: 40px !important;}&#8221;][vc_column_inner width=&#8221;1\/2&#8243; css=&#8221;.vc_custom_1776697708691{margin-right: 10px !important;padding-top: 20px !important;padding-right: 20px !important;padding-bottom: 20px !important;padding-left: 20px !important;background-color: #FFFFFFA6 !important;}&#8221;][vc_video link=&#8221;https:\/\/www.youtube.com\/watch?v=rHs4TsT29VM&#8221; el_aspect=&#8221;235&#8243; align=&#8221;center&#8221; css=&#8221;&#8221;]<div id=\"ultimate-heading-83956a04e5145af51\" class=\"uvc-heading ult-adjust-bottom-margin ultimate-heading-83956a04e5145af51 uvc-3237  uvc-heading-default-font-sizes\" data-hspacer=\"no_spacer\"  data-halign=\"center\" style=\"text-align:center\"><div class=\"uvc-heading-spacer no_spacer\" style=\"top\"><\/div><div class=\"uvc-main-heading ult-responsive\"  data-ultimate-target='.uvc-heading.ultimate-heading-83956a04e5145af51 h4'  data-responsive-json-new='{\"font-size\":\"\",\"line-height\":\"\"}' ><h4 style=\"--font-weight:theme;margin-top:15px;margin-bottom:5px;\">Il circolo della calce<\/h4><\/div><\/div>[vc_column_text css=&#8221;&#8221;]<\/p>\n<p style=\"text-align: center;\">Un approfondimento sul processo naturale della calce, dalla trasformazione del materiale fino alla sua stabilit\u00e0 nel tempo.<\/p>\n<p>[\/vc_column_text][\/vc_column_inner][vc_column_inner width=&#8221;1\/2&#8243; css=&#8221;.vc_custom_1776697727754{margin-left: 10px !important;padding-top: 20px !important;padding-right: 20px !important;padding-bottom: 20px !important;padding-left: 20px !important;background-color: #FFFFFFA6 !important;}&#8221;][vc_video link=&#8221;https:\/\/www.youtube.com\/watch?v=4dqInWn90Rk&#8221; el_aspect=&#8221;235&#8243; align=&#8221;center&#8221; css=&#8221;&#8221;]<div id=\"ultimate-heading-34426a04e5145afb6\" class=\"uvc-heading ult-adjust-bottom-margin ultimate-heading-34426a04e5145afb6 uvc-7678  uvc-heading-default-font-sizes\" data-hspacer=\"no_spacer\"  data-halign=\"center\" style=\"text-align:center\"><div class=\"uvc-heading-spacer no_spacer\" style=\"top\"><\/div><div class=\"uvc-main-heading ult-responsive\"  data-ultimate-target='.uvc-heading.ultimate-heading-34426a04e5145afb6 h4'  data-responsive-json-new='{\"font-size\":\"\",\"line-height\":\"\"}' ><h4 style=\"--font-weight:theme;margin-top:15px;margin-bottom:5px;\">Patinatura a calce<\/h4><\/div><\/div>[vc_column_text css=&#8221;&#8221;]<\/p>\n<p style=\"text-align: center;\">Una fase delicata della finitura su superficie fresca, utile per dare continuit\u00e0, profondit\u00e0 e uniformit\u00e0 materica.<\/p>\n<p>[\/vc_column_text][\/vc_column_inner][\/vc_row_inner][\/vc_tab][vc_tab title=&#8221;Corsi di formazione&#8221; tab_id=&#8221;1407943648221-2-9c0be-9433&#8243;][vc_column_text css=&#8221;.vc_custom_1776698234240{padding-top: 25px !important;padding-bottom: 30px !important;}&#8221;]<\/p>\n<p style=\"text-align: center;\">Contenuti che raccontano i momenti formativi, le esercitazioni pratiche e il metodo con cui vengono trasmesse tecnica, materia e applicazione. Una raccolta pensata per mostrare il valore della formazione sul campo e l&#8217;approccio concreto dei percorsi Calcenatura.<\/p>\n<p>[\/vc_column_text][vc_row_inner][vc_column_inner width=&#8221;1\/2&#8243; css=&#8221;.vc_custom_1776697756934{margin-right: 10px !important;padding-top: 20px !important;padding-right: 20px !important;padding-bottom: 20px !important;padding-left: 20px !important;background-color: #FFFFFFA6 !important;border-radius: 3px !important;border-color: #F3EDE4 !important;}&#8221;][vc_video link=&#8221;https:\/\/www.youtube.com\/watch?v=4dqInWn90Rk&#8221; el_aspect=&#8221;235&#8243; align=&#8221;center&#8221; css=&#8221;&#8221;]<div id=\"ultimate-heading-76786a04e5145b021\" class=\"uvc-heading ult-adjust-bottom-margin ultimate-heading-76786a04e5145b021 uvc-6465  uvc-heading-default-font-sizes\" data-hspacer=\"no_spacer\"  data-halign=\"center\" style=\"text-align:center\"><div class=\"uvc-heading-spacer no_spacer\" style=\"top\"><\/div><div class=\"uvc-main-heading ult-responsive\"  data-ultimate-target='.uvc-heading.ultimate-heading-76786a04e5145b021 h4'  data-responsive-json-new='{\"font-size\":\"\",\"line-height\":\"\"}' ><h4 style=\"--font-weight:theme;margin-top:15px;margin-bottom:5px;\">Patinatura a calce<\/h4><\/div><\/div>[vc_column_text css=&#8221;&#8221;]<\/p>\n<p style=\"text-align: center;\">Una fase delicata della finitura su superficie fresca, utile per dare continuit\u00e0, profondit\u00e0 e uniformit\u00e0 materica.<\/p>\n<p>[\/vc_column_text][\/vc_column_inner][vc_column_inner width=&#8221;1\/2&#8243; css=&#8221;.vc_custom_1776697775259{margin-left: 10px !important;padding-top: 20px !important;padding-right: 20px !important;padding-bottom: 20px !important;padding-left: 20px !important;background-color: #FFFFFFA6 !important;}&#8221;][vc_video link=&#8221;https:\/\/www.youtube.com\/watch?v=rHs4TsT29VM&#8221; el_aspect=&#8221;235&#8243; align=&#8221;center&#8221; css=&#8221;&#8221;]<div id=\"ultimate-heading-23556a04e5145b087\" class=\"uvc-heading ult-adjust-bottom-margin ultimate-heading-23556a04e5145b087 uvc-7466  uvc-heading-default-font-sizes\" data-hspacer=\"no_spacer\"  data-halign=\"center\" style=\"text-align:center\"><div class=\"uvc-heading-spacer no_spacer\" style=\"top\"><\/div><div class=\"uvc-main-heading ult-responsive\"  data-ultimate-target='.uvc-heading.ultimate-heading-23556a04e5145b087 h4'  data-responsive-json-new='{\"font-size\":\"\",\"line-height\":\"\"}' ><h4 style=\"--font-weight:theme;margin-top:15px;margin-bottom:5px;\">Il circolo della calce<\/h4><\/div><\/div>[vc_column_text css=&#8221;&#8221;]<\/p>\n<p style=\"text-align: center;\">Un approfondimento sul processo naturale della calce, dalla trasformazione del materiale fino alla sua stabilit\u00e0 nel tempo.<\/p>\n<p>[\/vc_column_text][\/vc_column_inner][\/vc_row_inner][vc_row_inner css=&#8221;.vc_custom_1776445788325{padding-top: 40px !important;}&#8221;][vc_column_inner width=&#8221;1\/2&#8243; css=&#8221;.vc_custom_1776697795114{margin-right: 10px !important;padding-top: 20px !important;padding-right: 20px !important;padding-bottom: 20px !important;padding-left: 20px !important;background-color: #FFFFFFA6 !important;}&#8221;][vc_video link=&#8221;https:\/\/www.youtube.com\/watch?v=rHs4TsT29VM&#8221; el_aspect=&#8221;235&#8243; align=&#8221;center&#8221; css=&#8221;&#8221;]<div id=\"ultimate-heading-73696a04e5145b0ee\" class=\"uvc-heading ult-adjust-bottom-margin ultimate-heading-73696a04e5145b0ee uvc-8605  uvc-heading-default-font-sizes\" data-hspacer=\"no_spacer\"  data-halign=\"center\" style=\"text-align:center\"><div class=\"uvc-heading-spacer no_spacer\" style=\"top\"><\/div><div class=\"uvc-main-heading ult-responsive\"  data-ultimate-target='.uvc-heading.ultimate-heading-73696a04e5145b0ee h4'  data-responsive-json-new='{\"font-size\":\"\",\"line-height\":\"\"}' ><h4 style=\"--font-weight:theme;margin-top:15px;margin-bottom:5px;\">Il circolo della calce<\/h4><\/div><\/div>[vc_column_text css=&#8221;&#8221;]<\/p>\n<p style=\"text-align: center;\">Un approfondimento sul processo naturale della calce, dalla trasformazione del materiale fino alla sua stabilit\u00e0 nel tempo.<\/p>\n<p>[\/vc_column_text][\/vc_column_inner][vc_column_inner width=&#8221;1\/2&#8243; css=&#8221;.vc_custom_1776697814374{margin-left: 10px !important;padding-top: 20px !important;padding-right: 20px !important;padding-bottom: 20px !important;padding-left: 20px !important;background-color: #FFFFFFA6 !important;}&#8221;][vc_video link=&#8221;https:\/\/www.youtube.com\/watch?v=4dqInWn90Rk&#8221; el_aspect=&#8221;235&#8243; align=&#8221;center&#8221; css=&#8221;&#8221;]<div id=\"ultimate-heading-69356a04e5145b157\" class=\"uvc-heading ult-adjust-bottom-margin ultimate-heading-69356a04e5145b157 uvc-9099  uvc-heading-default-font-sizes\" data-hspacer=\"no_spacer\"  data-halign=\"center\" style=\"text-align:center\"><div class=\"uvc-heading-spacer no_spacer\" style=\"top\"><\/div><div class=\"uvc-main-heading ult-responsive\"  data-ultimate-target='.uvc-heading.ultimate-heading-69356a04e5145b157 h4'  data-responsive-json-new='{\"font-size\":\"\",\"line-height\":\"\"}' ><h4 style=\"--font-weight:theme;margin-top:15px;margin-bottom:5px;\">Patinatura a calce<\/h4><\/div><\/div>[vc_column_text css=&#8221;&#8221;]<\/p>\n<p style=\"text-align: center;\">Una fase delicata della finitura su superficie fresca, utile per dare continuit\u00e0, profondit\u00e0 e uniformit\u00e0 materica.<\/p>\n<p>[\/vc_column_text][\/vc_column_inner][\/vc_row_inner][\/vc_tab][\/vc_tabs][\/vc_column][\/vc_row]<\/p>\n<\/div>","protected":false},"excerpt":{"rendered":"<p>[vc_row bg_type=&#8221;image&#8221; parallax_style=&#8221;vcpb-default&#8221; bg_image_new=&#8221;id^57497|url^http:\/\/test3.ohmnet.org\/wp-content\/uploads\/2026\/04\/Calcenatura010.jpg|caption^null|alt^null|title^Calcenatura010|description^null&#8221; bg_image_repeat=&#8221;no-repeat&#8221; bg_img_attach=&#8221;fixed&#8221; bg_override=&#8221;full&#8221; enable_overlay=&#8221;enable_overlay_value&#8221; overlay_color=&#8221;rgba(0,0,0,0.5)&#8221; overlay_pattern=&#8221;transperant&#8221; overlay_pattern_opacity=&#8221;25&#8243; margin_top=&#8221;-50&#8243; type=&#8221;vc_default&#8221; css=&#8221;.vc_custom_1776076593417{padding-top: 12% !important;padding-bottom: 12% !important;background-color: #F3EDE4 !important;}&#8221;][vc_column offset=&#8221;vc_col-lg-12 vc_col-md-12&#8243; css=&#8221;.vc_custom_1476030031960{padding-bottom: 10px !important;}&#8221;][\/vc_column][\/vc_row][vc_row equal_height=&#8221;yes&#8221; margin_bottom=&#8221;10&#8243; type=&#8221;vc_default&#8221; css=&#8221;.vc_custom_1776697913284{padding-top: 50px !important;padding-bottom: 60px !important;}&#8221;][vc_column][vc_column_text css=&#8221;&#8221;] Una raccolta di contenuti dedicati all\u2019applicazione delle finiture a base di calce, ai cicli di lavorazione e ai momenti di formazione&hellip;<\/p>\n","protected":false},"author":1,"featured_media":0,"parent":0,"menu_order":30,"comment_status":"closed","ping_status":"closed","template":"","meta":{"_joinchat":[],"footnotes":""},"class_list":["post-58015","page","type-page","status-publish","hentry","description-off"],"_links":{"self":[{"href":"https:\/\/test3.ohmnet.org\/index.php\/wp-json\/wp\/v2\/pages\/58015","targetHints":{"allow":["GET"]}}],"collection":[{"href":"https:\/\/test3.ohmnet.org\/index.php\/wp-json\/wp\/v2\/pages"}],"about":[{"href":"https:\/\/test3.ohmnet.org\/index.php\/wp-json\/wp\/v2\/types\/page"}],"author":[{"embeddable":true,"href":"https:\/\/test3.ohmnet.org\/index.php\/wp-json\/wp\/v2\/users\/1"}],"replies":[{"embeddable":true,"href":"https:\/\/test3.ohmnet.org\/index.php\/wp-json\/wp\/v2\/comments?post=58015"}],"version-history":[{"count":50,"href":"https:\/\/test3.ohmnet.org\/index.php\/wp-json\/wp\/v2\/pages\/58015\/revisions"}],"predecessor-version":[{"id":58027,"href":"https:\/\/test3.ohmnet.org\/index.php\/wp-json\/wp\/v2\/pages\/58015\/revisions\/58027"}],"wp:attachment":[{"href":"https:\/\/test3.ohmnet.org\/index.php\/wp-json\/wp\/v2\/media?parent=58015"}],"curies":[{"name":"wp","href":"https:\/\/api.w.org\/{rel}","templated":true}]}}