{"id":33277,"date":"2014-11-16T11:43:36","date_gmt":"2014-11-16T11:43:36","guid":{"rendered":"https:\/\/test3.ohmnet.org\/index.php\/pages\/q-a\/02-q-a\/"},"modified":"2026-05-10T23:16:41","modified_gmt":"2026-05-10T21:16:41","slug":"faq","status":"publish","type":"page","link":"https:\/\/test3.ohmnet.org\/index.php\/faq\/","title":{"rendered":"FAQ"},"content":{"rendered":"<div class=\"wpb-content-wrapper\"><p>[vc_row type=&#8221;vc_default&#8221; margin_top=&#8221;0&#8243; margin_bottom=&#8221;-50&#8243; css=&#8221;.vc_custom_1778447263674{border-bottom-width: -50px !important;padding-top: 0px !important;padding-bottom: 0px !important;}&#8221;][vc_column offset=&#8221;vc_col-lg-6 vc_col-md-6 vc_col-xs-12&#8243; css=&#8221;.vc_custom_1475335328257{padding-bottom: 50px !important;}&#8221;]<div id=\"ultimate-heading-12936a04e5203f827\" class=\"uvc-heading ult-adjust-bottom-margin ultimate-heading-12936a04e5203f827 uvc-714  uvc-heading-default-font-sizes\" data-hspacer=\"no_spacer\"  data-halign=\"left\" style=\"text-align:left\"><div class=\"uvc-heading-spacer no_spacer\" style=\"top\"><\/div><div class=\"uvc-main-heading ult-responsive\"  data-ultimate-target='.uvc-heading.ultimate-heading-12936a04e5203f827 h3'  data-responsive-json-new='{\"font-size\":\"\",\"line-height\":\"\"}' ><h3 style=\"font-weight:bold;margin-bottom:20px;\">Le domande pi\u00f9 frequenti sul mondo CalceNatura<\/h3><\/div><\/div>[vc_accordion active_tab=&#8221;false&#8221; collapsible=&#8221;yes&#8221; style=&#8221;3&#8243;][vc_accordion_tab title=&#8221;A chi sono rivolti i prodotti CalceNatura?&#8221;][vc_column_text css=&#8221;&#8221;]I prodotti CalceNatura sono pensati principalmente per decoratori, artigiani, restauratori e professionisti del settore, ma possono interessare anche privati che desiderano approfondire lavorazioni e finiture a base di calce con maggiore consapevolezza.[\/vc_column_text][\/vc_accordion_tab][vc_accordion_tab title=&#8221;Quali sono le principali caratteristiche dei prodotti a base di calce?&#8221;][vc_column_text css=&#8221;&#8221;]Le soluzioni a base di calce si distinguono per traspirabilit\u00e0, naturalit\u00e0 della materia, resa estetica e compatibilit\u00e0 con molte lavorazioni decorative e di recupero. Sono particolarmente apprezzate per la loro capacit\u00e0 di valorizzare la superficie in modo autentico e durevole.[\/vc_column_text][\/vc_accordion_tab][vc_accordion_tab title=&#8221;I prodotti CalceNatura sono adatti solo al restauro?&#8221;][vc_column_text css=&#8221;&#8221;]No. Pur essendo molto apprezzati negli interventi di recupero e restauro, i prodotti CalceNatura trovano applicazione anche in contesti contemporanei, ambienti residenziali, spazi professionali e progetti decorativi attuali.[\/vc_column_text][\/vc_accordion_tab][vc_accordion_tab title=&#8221;Come faccio a capire quale prodotto \u00e8 pi\u00f9 adatto al mio lavoro?&#8221;][vc_column_text css=&#8221;&#8221;]La scelta dipende da diversi fattori: tipo di supporto, effetto desiderato, destinazione della superficie e ciclo applicativo previsto. Per questo \u00e8 sempre utile valutare il progetto nel suo insieme e, se necessario, richiedere un confronto diretto.[\/vc_column_text][\/vc_accordion_tab][vc_accordion_tab title=&#8221;Organizzate corsi di formazione?&#8221;][vc_column_text css=&#8221;&#8221;]S\u00ec. CalceNatura propone corsi specialistici e momenti di approfondimento dedicati al mondo della calce naturale, pensati per professionisti che desiderano acquisire o perfezionare competenze tecniche e applicative.[\/vc_column_text][\/vc_accordion_tab][vc_accordion_tab title=&#8221;I prodotti richiedono competenze specifiche per essere applicati correttamente?&#8221;][vc_column_text css=&#8221;&#8221;]S\u00ec, in molti casi \u00e8 importante avere una buona conoscenza dei materiali e delle tecniche applicative. Anche un ottimo prodotto, per esprimere al meglio le proprie qualit\u00e0, richiede metodo, preparazione del supporto e corretta esecuzione delle fasi di lavoro.[\/vc_column_text][\/vc_accordion_tab][vc_accordion_tab title=&#8221;I corsi sono rivolti solo ai professionisti?&#8221;][vc_column_text css=&#8221;&#8221;]I percorsi formativi nascono con un orientamento professionale, ma alcuni contenuti possono risultare utili anche a chi desidera conoscere meglio materiali, superfici e tecniche decorative prima di intraprendere un percorso pi\u00f9 strutturato.[\/vc_column_text][\/vc_accordion_tab][vc_accordion_tab title=&#8221;\u00c8 possibile ricevere informazioni prima di acquistare o scegliere un prodotto?&#8221;][vc_column_text css=&#8221;&#8221;]S\u00ec. \u00c8 possibile contattare CalceNatura per ricevere informazioni sui prodotti, chiarimenti sulle applicazioni e indicazioni utili per orientarsi nella scelta in base alle proprie esigenze.[\/vc_column_text][\/vc_accordion_tab][vc_accordion_tab title=&#8221;I prodotti CalceNatura sono distribuiti solo in Italia?&#8221;][vc_column_text css=&#8221;&#8221;]No. L\u2019azienda distribuisce i propri prodotti in Italia e anche all\u2019estero, mantenendo un\u2019attenzione costante alla qualit\u00e0, alla coerenza tecnica e al valore della materia.[\/vc_column_text][\/vc_accordion_tab][vc_accordion_tab title=&#8221;Cosa distingue il metodo produttivo di CalceNatura?&#8221;][vc_column_text css=&#8221;&#8221;]Il metodo produttivo si fonda su attenzione alle materie prime, lunga maturazione della calce, recupero dei residui utili, controllo delle fasi di lavorazione e riduzione degli sprechi, in una visione concreta della sostenibilit\u00e0.[\/vc_column_text][\/vc_accordion_tab][vc_accordion_tab title=&#8221;\u00c8 possibile vedere esempi di lavorazioni o realizzazioni?&#8221;][vc_column_text css=&#8221;&#8221;]S\u00ec. Attraverso le pagine dedicate, le immagini dei lavori, i video e i contenuti di approfondimento \u00e8 possibile osservare pi\u00f9 da vicino applicazioni, superfici finite e risultati ottenuti con i prodotti CalceNatura.[\/vc_column_text][\/vc_accordion_tab][\/vc_accordion][\/vc_column][vc_column offset=&#8221;vc_col-lg-6 vc_col-md-6 vc_col-xs-12&#8243; css=&#8221;.vc_custom_1475335333766{padding-bottom: 40px !important;}&#8221;]<div id=\"ultimate-heading-8636a04e5203f8b1\" class=\"uvc-heading ult-adjust-bottom-margin ultimate-heading-8636a04e5203f8b1 uvc-7437  uvc-heading-default-font-sizes\" data-hspacer=\"no_spacer\"  data-halign=\"left\" style=\"text-align:left\"><div class=\"uvc-heading-spacer no_spacer\" style=\"top\"><\/div><div class=\"uvc-main-heading ult-responsive\"  data-ultimate-target='.uvc-heading.ultimate-heading-8636a04e5203f8b1 h3'  data-responsive-json-new='{\"font-size\":\"\",\"line-height\":\"\"}' ><h3 style=\"font-weight:bold;margin-bottom:20px;\">Non hai trovato la risposta che cercavi?<\/h3><\/div><\/div>[vc_column_text css=&#8221;.vc_custom_1775746706300{padding-bottom: 25px !important;}&#8221;]Se desideri ricevere un chiarimento su prodotti, applicazioni, corsi o disponibilit\u00e0, puoi inviare la tua richiesta tramite il modulo. Ti risponderemo con attenzione nel pi\u00f9 breve tempo possibile[\/vc_column_text]<form class=\"dt-contact-form dt-form\" method=\"post\"><input type=\"hidden\" name=\"widget_id\" value=\"presscore-contact-form-widget--1\" \/><input type=\"hidden\" name=\"send_message\" value=\"\" \/><input type=\"hidden\" name=\"security_token\" value=\"50b0efdcb56cd613f4d5\"\/><div class=\"form-fields\"><span class=\"form-name\"><label class=\"assistive-text\">Nome *<\/label><input type=\"text\" class=\"validate[required]\" placeholder=\"Nome *\" name=\"name\" value=\"\" aria-required=\"true\">\n<\/span><span class=\"form-mail\"><label class=\"assistive-text\">E-mail *<\/label><input type=\"text\" class=\"validate[required,custom[email]]\" placeholder=\"E-mail *\" name=\"email\" value=\"\" aria-required=\"true\">\n<\/span><\/div><span class=\"form-message\"><label class=\"assistive-text\">Messaggio *<\/label><textarea class=\"validate[required]\" placeholder=\"Messaggio *\" name=\"message\" rows=\"5\" aria-required=\"true\"><\/textarea>\n<\/span><p><a href=\"#\" class=\"dt-btn dt-btn-m dt-btn-submit\" rel=\"nofollow\"><span>Invia<\/span><\/a><input class=\"assistive-text\" type=\"submit\" value=\"invia\"><\/p><\/form>\n[\/vc_column][\/vc_row]<\/p>\n<\/div>","protected":false},"excerpt":{"rendered":"<p>[vc_row type=&#8221;vc_default&#8221; margin_top=&#8221;0&#8243; margin_bottom=&#8221;-50&#8243; css=&#8221;.vc_custom_1778447263674{border-bottom-width: -50px !important;padding-top: 0px !important;padding-bottom: 0px !important;}&#8221;][vc_column offset=&#8221;vc_col-lg-6 vc_col-md-6 vc_col-xs-12&#8243; css=&#8221;.vc_custom_1475335328257{padding-bottom: 50px !important;}&#8221;][vc_accordion active_tab=&#8221;false&#8221; collapsible=&#8221;yes&#8221; style=&#8221;3&#8243;][vc_accordion_tab title=&#8221;A chi sono rivolti i prodotti CalceNatura?&#8221;][vc_column_text css=&#8221;&#8221;]I prodotti CalceNatura sono pensati principalmente per decoratori, artigiani, restauratori e professionisti del settore, ma possono interessare anche privati che desiderano approfondire lavorazioni e finiture a base di&hellip;<\/p>\n","protected":false},"author":1,"featured_media":0,"parent":0,"menu_order":20,"comment_status":"closed","ping_status":"closed","template":"","meta":{"_joinchat":[],"footnotes":""},"class_list":["post-33277","page","type-page","status-publish","hentry","description-off"],"_links":{"self":[{"href":"https:\/\/test3.ohmnet.org\/index.php\/wp-json\/wp\/v2\/pages\/33277","targetHints":{"allow":["GET"]}}],"collection":[{"href":"https:\/\/test3.ohmnet.org\/index.php\/wp-json\/wp\/v2\/pages"}],"about":[{"href":"https:\/\/test3.ohmnet.org\/index.php\/wp-json\/wp\/v2\/types\/page"}],"author":[{"embeddable":true,"href":"https:\/\/test3.ohmnet.org\/index.php\/wp-json\/wp\/v2\/users\/1"}],"replies":[{"embeddable":true,"href":"https:\/\/test3.ohmnet.org\/index.php\/wp-json\/wp\/v2\/comments?post=33277"}],"version-history":[{"count":16,"href":"https:\/\/test3.ohmnet.org\/index.php\/wp-json\/wp\/v2\/pages\/33277\/revisions"}],"predecessor-version":[{"id":57536,"href":"https:\/\/test3.ohmnet.org\/index.php\/wp-json\/wp\/v2\/pages\/33277\/revisions\/57536"}],"wp:attachment":[{"href":"https:\/\/test3.ohmnet.org\/index.php\/wp-json\/wp\/v2\/media?parent=33277"}],"curies":[{"name":"wp","href":"https:\/\/api.w.org\/{rel}","templated":true}]}}